{"id":35,"date":"2017-08-19T10:40:17","date_gmt":"2017-08-19T10:40:17","guid":{"rendered":"http:\/\/oh6ag.fi\/?page_id=35"},"modified":"2017-08-19T12:19:43","modified_gmt":"2017-08-19T12:19:43","slug":"aktivitet","status":"publish","type":"page","link":"https:\/\/oh6ag.fi\/?page_id=35","title":{"rendered":"Aktivitet"},"content":{"rendered":"<h6>Bes\u00f6k i B\u00fcnde v\u00e5ren 2013<\/h6>\n<p>Jan OH6JE, Per-Ole OH6HCQ och Bo OH6NUM med XYL Sylvi bes\u00f6kte v\u00e5r v\u00e4nort\u00a0B\u00fcnde i Tyskland\u00a0i m\u00e5nadsskiftet april-maj. Jan tod en hel del bilder fr\u00e5n bes\u00f6ket som kan ses i\u00a0<a href=\"http:\/\/www.multi.fi\/~oh6ag\/album\/Bund-2013\/index.html\" target=\"_parent\">detta album.<\/a><\/p>\n<h6>Sj\u00e4lvst\u00e4ndighetsdagen 2012<\/h6>\n<p>Vi firade sj\u00e4lst\u00e4ndighetsdagen 2012 med julmiddag och Traditionsradio p\u00e5 Signeg\u00e5rden i Lappfors \u00e4ven i \u00e5r. Tack till Krister OH6MH f\u00f6r organisering och musik!\u00a0<a href=\"http:\/\/www.multi.fi\/~oh6ag\/album\/2012_OH6G-S\/index.html\" target=\"_parent\">Bilder finns h\u00e4r!<\/a><\/p>\n<h6>SRAL Field day contest 2012<\/h6>\n<p><span class=\"style36\">H\u00e4r \u00e4r <a href=\"http:\/\/www.multi.fi\/~oh6ag\/album\/FD-SSB-2012\/index.html\">bilderna<\/a> fr\u00e5n\u00a0SRAL Field Day Contest\u00a0<\/span>SSB-delen 2012 p\u00e5 Jans OH6JE sommarstuga i \u00d6ja.<br \/>\nYo. linkiss\u00e4 kuvat vuoden 2012 SRAL Kentt\u00e4kisan SSB-osuudesta Janin OH6JE kes\u00e4m\u00f6kilt\u00e4.<br \/>\nFoto\/kuvat: Andreas OH6FA.<\/p>\n","protected":false},"excerpt":{"rendered":"<p>Bes\u00f6k i B\u00fcnde v\u00e5ren 2013 Jan OH6JE, Per-Ole OH6HCQ och Bo OH6NUM med XYL Sylvi bes\u00f6kte v\u00e5r v\u00e4nort\u00a0B\u00fcnde i Tyskland\u00a0i m\u00e5nadsskiftet april-maj. Jan tod en hel del bilder fr\u00e5n bes\u00f6ket som kan ses i\u00a0detta album. Sj\u00e4lvst\u00e4ndighetsdagen 2012 Vi firade sj\u00e4lst\u00e4ndighetsdagen 2012 med julmiddag och Traditionsradio p\u00e5 Signeg\u00e5rden i Lappfors \u00e4ven i \u00e5r. Tack till Krister &hellip; <a href=\"https:\/\/oh6ag.fi\/?page_id=35\" class=\"more-link\">Forts\u00e4tt l\u00e4sa<span class=\"screen-reader-text\"> \u201dAktivitet\u201d<\/span><\/a><\/p>\n","protected":false},"author":1,"featured_media":0,"parent":0,"menu_order":0,"comment_status":"closed","ping_status":"closed","template":"","meta":{"footnotes":""},"class_list":["post-35","page","type-page","status-publish","hentry"],"_links":{"self":[{"href":"https:\/\/oh6ag.fi\/index.php?rest_route=\/wp\/v2\/pages\/35","targetHints":{"allow":["GET"]}}],"collection":[{"href":"https:\/\/oh6ag.fi\/index.php?rest_route=\/wp\/v2\/pages"}],"about":[{"href":"https:\/\/oh6ag.fi\/index.php?rest_route=\/wp\/v2\/types\/page"}],"author":[{"embeddable":true,"href":"https:\/\/oh6ag.fi\/index.php?rest_route=\/wp\/v2\/users\/1"}],"replies":[{"embeddable":true,"href":"https:\/\/oh6ag.fi\/index.php?rest_route=%2Fwp%2Fv2%2Fcomments&post=35"}],"version-history":[{"count":2,"href":"https:\/\/oh6ag.fi\/index.php?rest_route=\/wp\/v2\/pages\/35\/revisions"}],"predecessor-version":[{"id":67,"href":"https:\/\/oh6ag.fi\/index.php?rest_route=\/wp\/v2\/pages\/35\/revisions\/67"}],"wp:attachment":[{"href":"https:\/\/oh6ag.fi\/index.php?rest_route=%2Fwp%2Fv2%2Fmedia&parent=35"}],"curies":[{"name":"wp","href":"https:\/\/api.w.org\/{rel}","templated":true}]}}