{"id":28,"date":"2017-08-19T10:24:29","date_gmt":"2017-08-19T10:24:29","guid":{"rendered":"http:\/\/oh6ag.fi\/?page_id=28"},"modified":"2021-04-08T10:54:20","modified_gmt":"2021-04-08T07:54:20","slug":"28-2","status":"publish","type":"page","link":"https:\/\/oh6ag.fi\/?page_id=28","title":{"rendered":"L\u00e4nkar"},"content":{"rendered":"<h6>Amat\u00f6rf\u00f6rbund \/ Amateur associations:<\/h6>\n<p><a href=\"http:\/\/www.sral.fi\/\">SRAL<\/a> &#8211; Finlands radioamat\u00f6rf\u00f6rbund<br \/>\n<a href=\"http:\/\/www.ssa.se\/\">SSA<\/a> &#8211; Sveriges S\u00e4ndaramat\u00f6rer<br \/>\n<a href=\"http:\/\/www.nrrl.no\/\">NRRL<\/a> &#8211; Norges Radioamat\u00f6rer<br \/>\n<a href=\"http:\/\/www.edr.dk\/\">EDR<\/a> &#8211; Danmarks Radioamat\u00f6rer<br \/>\n<a href=\"http:\/\/www.arrl.org\/\">ARRL<\/a> &#8211; American Radio Relay League<br \/>\n<a href=\"http:\/\/rsgb.org\/\">RSGB<\/a> &#8211; Radio Society of Great Britain<br \/>\n<a href=\"https:\/\/www.darc.de\/home\/\">DARC<\/a> &#8211; Deutscher Amateur-Radio Club<\/p>\n<h6>Klubbar \/ Clubs :<\/h6>\n<p><a href=\"http:\/\/www.oh6ai.fi\/\">OH6AI<\/a> &#8211; Klubben i Karleby<br \/>\n<a href=\"http:\/\/www.sral.fi\/kerhot\/kerho.php?call=OH6ABA\">OH6ABA<\/a> &#8211; Klubben i Kronoby<br \/>\n<a href=\"http:\/\/www.oh6an.fi\/\">OH6AN<\/a> &#8211; Klubben i Nykarleby<br \/>\n<a href=\"http:\/\/www.oh6ac.net\/\">OH6AC<\/a> &#8211; Klubben i Lappo<br \/>\n<a href=\"https:\/\/oh6ah.fi\/\">OH6AH<\/a> &#8211; Klubben i Sein\u00e4joki<br \/>\n<a href=\"http:\/\/www.oh6aa.fi\/\">OH6AA<\/a> &#8211; Vasa Sexorna r.f. (klubben i Vasa)<br \/>\n<a href=\"http:\/\/www.sk2hg.se\/\">SK2HG<\/a> &#8211; Kalix Radioklubb<br \/>\n<a href=\"http:\/\/www.darc.de\/distrikte\/n\/43\/\">B\u00fcnde hams<\/a> &#8211; Radioamat\u00f6rklubben i B\u00fcnde. Skedtid varje s\u00f6ndag klockan 13 lokal tid p\u00e5 14.115 MHz.<br \/>\n<a href=\"http:\/\/www.vk4wis.org\/\">Sunshine Coast Radio Club<\/a>\u00a0&#8211; Sunshine Coast Radio Club, v\u00e5r v\u00e4nklubb i Australien.<\/p>\n<h6>\u00d6vriga f\u00f6reningar \/ Other associations:<\/h6>\n<p><a href=\"http:\/\/www.contestclubfinland.com\/\">CCF<\/a> &#8211; Contest club of Finland (t\u00e4vlingsinfo)<br \/>\n<a href=\"http:\/\/rats.fi\/\">RATS<\/a> &#8211; Radioamat\u00f6rtekniska f\u00f6reningen<br \/>\n<a href=\"http:\/\/www.esr.se\/\">ESR<\/a> &#8211; Experimenterande Svenska Radioamat\u00f6rer<\/p>\n<h6>Omgivningen \/ Environment:<\/h6>\n<p><a href=\"http:\/\/automatic.sral.fi\/?p=list&amp;stype=vrep\">OH Repeater Directory<\/a> &#8211; Repeaterlista f\u00f6r OH<br \/>\n<a href=\"http:\/\/rats.fi\/r-net\/r-net-overview\/\">RNET<\/a> &#8211; infosida om OH-repeatern\u00e4tet RNET<br \/>\n<a href=\"https:\/\/sv.aprs.fi\/#!lat=63.6758&amp;lng=22.7142\">APRS<\/a> var \u00e4r kompisen? S\u00f6k p\u00e5 anropet&#8230;<br \/>\n<a href=\"https:\/\/www.marinetraffic.com\/en\/ais\/home\/centerx:22.4\/centery:63.7\/zoom:10\">AIS<\/a> &#8211; B\u00e5tar med AIS i Jakobstadstrakten<\/p>\n<h6>V\u00e4dret &#8211; Weather:<\/h6>\n<p><a href=\"http:\/\/www.multi.fi\/~ksillanp\/weather\/\">OH6GPB<\/a> (1-wire)<br \/>\n<a href=\"http:\/\/www.multi.fi\/~ksillanp\/salamatutka\/\">\u00c5skradar-Ukkostutka-Thunder radar<\/a> &#8211; OH6GPB<br \/>\n<a href=\"http:\/\/www.tronico.fi\/weather\/Tronico_Weather.htm\">OH6NT<\/a> (Davis)<br \/>\n<a href=\"https:\/\/aprs.fi\/weather\/a\/OH6FXZ-1\">OH6FXZ<\/a> (Technoline WS-2350)<\/p>\n<h6>Historia \/ History:<\/h6>\n<p>Tidkriften &#8221;Radio-amat\u00f6ren&#8221; nr. 1\/1924<br \/>\nTidkriften &#8221;Radio-amat\u00f6ren&#8221; nr. 2\/1924<br \/>\nTidskriften &#8221;Popul\u00e4r Radio&#8221; nr. 1\/1929<br \/>\n&#8221;Buggens&#8221; historia (CW-nycklar) &#8211; tnx OH6NVT<br \/>\n(mera radiohistoria p\u00e5 Dokument-sidan<\/p>\n<h6>Signalspaning (tnx bla. SM2K):<\/h6>\n<p>http:\/\/www.jallai.se\/spionen-pa-fra\/ http:\/\/www.signalspaning.se\/mrx\/index.html http:\/\/signalspaning.se\/<br \/>\nhttp:\/\/www.stellapolaris.net\/<\/p>\n<h6>Tidskrifter, dokument \/ Periodicals, docs:<\/h6>\n<p>ESR &#8211; Resonans &#8211; Byggprojekt mm.<br \/>\nOH6AG:s dokumentbank &#8211; kr\u00e4ver inloggning!<\/p>\n<h6>Lyssna p\u00e5 amat\u00f6rradio nu! \/ Listen to HAM radio now!<\/h6>\n<p><a href=\"http:\/\/websdr.ewi.utwente.nl:8901\/\">H\u00f6r dig sj\u00e4lv p\u00e5 HF!<\/a> &#8211; SDR-radio online i PA-land!<br \/>\n<a href=\"http:\/\/media.ham.fi\/stream.html\">Lyssna h\u00e4r p\u00e5 live amat\u00f6rradio!<\/a><\/p>\n<h6>\u00d6vrigt, t\u00e4vlingar \/ Misc., contesting:<\/h6>\n<p>ARRL:s artilekdatabas &#8211; S\u00f6k artiklar i QST<br \/>\nQ-forkortningarna &#8211; Komplett lista fr\u00e5n DL4TA<br \/>\nAC6V:s l\u00e4nksida &#8211; h\u00e4r finns ALLT!<br \/>\nHam.net &#8211; Artiklar, nyheter mm.<br \/>\nSM3CER Contest Service &#8211; Info om t\u00e4vlingar<br \/>\nOH1NOA contest pages &#8211; T\u00e4vlingssidor<\/p>\n<h6>Anv\u00e4ndbara appar till din Android telefon eller platta fr\u00e5n Google Play<\/h6>\n<p><a href=\"https:\/\/play.google.com\/store\/apps\/details?id=org.echolink.android\">Echolink<\/a> &#8211; Echolink i fickan<br \/>\n<a href=\"https:\/\/play.google.com\/store\/apps\/details?id=com.zbm2.repeaterbook\">RepeaterBook<\/a> &#8211; Hitta en repeater n\u00e4ra dig<br \/>\n<a href=\"https:\/\/play.google.com\/store\/apps\/details?id=org.aprsdroid.app\">APRSdroid<\/a> &#8211; APRS i fickan<br \/>\n<a href=\"https:\/\/play.google.com\/store\/apps\/details?id=com.n1kdo.lotwlook\">N1KDO&#8217;s LoTW Look<\/a> &#8211; LoTW i fickan<br \/>\n<a href=\"https:\/\/play.google.com\/store\/apps\/details?id=ham.com.soft.locator\">Maidenhead Grid Locator<\/a> &#8211; Grid squares<\/p>\n<p>Sidan redigerad: 08.04.2021 (OH6FXZ)<\/p>\n","protected":false},"excerpt":{"rendered":"<p>Amat\u00f6rf\u00f6rbund \/ Amateur associations: SRAL &#8211; Finlands radioamat\u00f6rf\u00f6rbund SSA &#8211; Sveriges S\u00e4ndaramat\u00f6rer NRRL &#8211; Norges Radioamat\u00f6rer EDR &#8211; Danmarks Radioamat\u00f6rer ARRL &#8211; American Radio Relay League RSGB &#8211; Radio Society of Great Britain DARC &#8211; Deutscher Amateur-Radio Club Klubbar \/ Clubs : OH6AI &#8211; Klubben i Karleby OH6ABA &#8211; Klubben i Kronoby OH6AN &#8211; Klubben &hellip; <a href=\"https:\/\/oh6ag.fi\/?page_id=28\" class=\"more-link\">Forts\u00e4tt l\u00e4sa<span class=\"screen-reader-text\"> \u201dL\u00e4nkar\u201d<\/span><\/a><\/p>\n","protected":false},"author":1,"featured_media":0,"parent":0,"menu_order":0,"comment_status":"closed","ping_status":"closed","template":"","meta":{"footnotes":""},"class_list":["post-28","page","type-page","status-publish","hentry"],"_links":{"self":[{"href":"https:\/\/oh6ag.fi\/index.php?rest_route=\/wp\/v2\/pages\/28","targetHints":{"allow":["GET"]}}],"collection":[{"href":"https:\/\/oh6ag.fi\/index.php?rest_route=\/wp\/v2\/pages"}],"about":[{"href":"https:\/\/oh6ag.fi\/index.php?rest_route=\/wp\/v2\/types\/page"}],"author":[{"embeddable":true,"href":"https:\/\/oh6ag.fi\/index.php?rest_route=\/wp\/v2\/users\/1"}],"replies":[{"embeddable":true,"href":"https:\/\/oh6ag.fi\/index.php?rest_route=%2Fwp%2Fv2%2Fcomments&post=28"}],"version-history":[{"count":18,"href":"https:\/\/oh6ag.fi\/index.php?rest_route=\/wp\/v2\/pages\/28\/revisions"}],"predecessor-version":[{"id":700,"href":"https:\/\/oh6ag.fi\/index.php?rest_route=\/wp\/v2\/pages\/28\/revisions\/700"}],"wp:attachment":[{"href":"https:\/\/oh6ag.fi\/index.php?rest_route=%2Fwp%2Fv2%2Fmedia&parent=28"}],"curies":[{"name":"wp","href":"https:\/\/api.w.org\/{rel}","templated":true}]}}