{"id":222,"date":"2018-01-18T09:30:55","date_gmt":"2018-01-18T07:30:55","guid":{"rendered":"http:\/\/oh6ag.fi\/?page_id=222"},"modified":"2018-01-18T09:30:55","modified_gmt":"2018-01-18T07:30:55","slug":"repeaters","status":"publish","type":"page","link":"https:\/\/oh6ag.fi\/?page_id=222","title":{"rendered":"Repeaters"},"content":{"rendered":"<h4>Allm\u00e4nt om repeaters<\/h4>\n<p>Via en rel\u00e4station (repeater) kan man ha kontakt med andra radioamat\u00f6rer genom att den \u00e5teruts\u00e4nder alla signaler som den h\u00f6r. Du kan prata t.ex. i en liten handapparat som oftast ryms i fickan, eller ha en radio i bilen och ha kontakt med hj\u00e4lp av dem via repeatern.\u00a0R\u00e4ckvidden \u00f6kas betydligt hos dessa sm\u00e5 apparater genom att repeatern ofta \u00e4r placerad h\u00f6gt uppe i n\u00e5got h\u00f6ghus, n\u00e5gon industribyggnad eller mast.<\/p>\n<p>CQ-klubben uppr\u00e4tth\u00e5ller tv\u00e5 repeatrar (rel\u00e4stationer), OH6RAG p\u00e5 2 meter och OH6RUG p\u00e5 70 cm. B\u00e5da \u00e4r placerade i Jakobstad och har lokatorn KP13IQ.<\/p>\n<h4>Tv\u00e5metersrepeatern OH6RAG<\/h4>\n<figure style=\"width: 512px\" class=\"wp-caption alignnone\"><img loading=\"lazy\" decoding=\"async\" src=\"http:\/\/www.multi.fi\/~oh6ag\/pictures\/OH6RAG-coverage.jpg\" alt=\"OH6RAG_cov\" width=\"512\" height=\"512\" \/><figcaption class=\"wp-caption-text\">OH6RAG t\u00e4ckningsomr\u00e5de<\/figcaption><\/figure>\n<p>Repeatern OH6RAG finns p\u00e5 kanal RV50 (R1) och lyssnar p\u00e5 frekvensen 145,025 MHz och s\u00e4nder p\u00e5 frekvensen 145,625 MHz. Antennerna \u00e4r vertikala och rundstr\u00e5lande. Repeatern \u00f6ppnas genom att s\u00e4nda en 300 ms l\u00e5ng 1750 Hz \u00f6ppningston och den identifierar sig genom att s\u00e4nda sitt anrop OH6RAG p\u00e5 telegrafi. Repeatern kan st\u00e4ngas av \u00f6vervakaren via en\u00a0<a href=\"http:\/\/www.remoterig.com\/wp\/\">webswitch<\/a>.<\/p>\n<p>Repeatern har f\u00f6rnyades helt v\u00e5ren 2006 och har nu modern PC-styrd logik (RLM) samt \u00e4r helt byggd med halvledare. Den \u00e4r placerad p\u00e5 UPM:s sodapannhus. De som dragit st\u00f6rsta lasset med det projektet har varit OH6FA Andreas, och OH6MLL Pelle. Tack!<\/p>\n<p>Kommande \u00e4ndringar:\u00a0Vi avser att repeatern skall sj\u00e4lv s\u00e4nda ut 110,9 Hz CTCSS subton f\u00f6r att de anv\u00e4ndre som vill, skall slippa interferens fr\u00e5n en svensk repeater p\u00e5 samma kanal. Detta p\u00e5verkar inte anv\u00e4ndningen av repeatern, och man kan forts\u00e4ttningsvis anv\u00e4nda den som vanligt, \u00e4ven med \u00e4ldre transceivers! Har man en modern apparat kan man kopppla p\u00e5 avkodning av subtonen vid mottagning (CTCSS decoder), s\u00e5 slipper man h\u00f6ra den svenska repeatern.<\/p>\n<p>H\u00f6rbarhetsomr\u00e5det har \u00f6kat betydligt, man kan nu ha kontakt via repeatern fr\u00e5n Vasa i s\u00f6der till Kalajoki i norr, och fr\u00e5n Vetil\/Kortesj\u00e4rvi i \u00f6ster till Sverige i v\u00e4ster (se kartan).<\/p>\n<p>Nedan bilder av tekniken.\u00a0Foto:Andreas, OH6FA\u00a0(klicka p\u00e5 bilderna s\u00e5 blir de st\u00f6rre):<\/p>\n<figure style=\"width: 85px\" class=\"wp-caption alignnone\"><a href=\"http:\/\/www.multi.fi\/~oh6ag\/pictures\/Radiorummet.JPG\"><img loading=\"lazy\" decoding=\"async\" src=\"http:\/\/www.multi.fi\/~oh6ag\/pictures\/Radiorummet_tbn.jpg\" alt=\"radioroom\" width=\"85\" height=\"113\" border=\"0\" \/><\/a><figcaption class=\"wp-caption-text\">Repeaterrummet<\/figcaption><\/figure>\n<figure style=\"width: 85px\" class=\"wp-caption alignnone\"><a href=\"http:\/\/www.multi.fi\/~oh6ag\/pictures\/Repeaterskap.jpg\"><img loading=\"lazy\" decoding=\"async\" src=\"http:\/\/www.multi.fi\/~oh6ag\/pictures\/Repeaterskap_tbn.jpg\" alt=\"cabinet\" width=\"85\" height=\"113\" border=\"0\" \/><\/a><figcaption class=\"wp-caption-text\">Repeatersk\u00e5pet<\/figcaption><\/figure>\n<figure style=\"width: 85px\" class=\"wp-caption alignnone\"><img loading=\"lazy\" decoding=\"async\" src=\"http:\/\/www.multi.fi\/~oh6ag\/pictures\/Duplex_filter_tbn.jpg\" alt=\"duplexer\" width=\"85\" height=\"113\" border=\"0\" \/><figcaption class=\"wp-caption-text\">Duplexerfiltren<\/figcaption><\/figure>\n<figure style=\"width: 113px\" class=\"wp-caption alignnone\"><img loading=\"lazy\" decoding=\"async\" src=\"http:\/\/www.multi.fi\/~oh6ag\/pictures\/OH6RAG_2_tbn.jpg\" alt=\"OH6RAG\" width=\"113\" height=\"85\" border=\"0\" \/><figcaption class=\"wp-caption-text\">Repeatern (underst i bilden) styrs med dator via programmet RLM<\/figcaption><\/figure>\n<figure style=\"width: 113px\" class=\"wp-caption alignnone\"><img loading=\"lazy\" decoding=\"async\" src=\"http:\/\/www.multi.fi\/~oh6ag\/pictures\/Datorlogik_tbn.jpg\" alt=\"logic\" width=\"113\" height=\"85\" border=\"0\" \/><figcaption class=\"wp-caption-text\">Baksidan av repeatern med kontrollinterface.<\/figcaption><\/figure>\n<figure style=\"width: 113px\" class=\"wp-caption alignnone\"><img loading=\"lazy\" decoding=\"async\" src=\"http:\/\/www.multi.fi\/~oh6ag\/pictures\/Gamla_OH6RAG_tbn.jpg\" alt=\"cabinet\" width=\"113\" height=\"85\" border=\"0\" \/><figcaption class=\"wp-caption-text\">Den gamla trotj\u00e4naren med transistorlogik och r\u00f6r-PA\u00a0 \u00e4r inte QRV mera<\/figcaption><\/figure>\n<figure style=\"width: 358px\" class=\"wp-caption alignnone\"><img loading=\"lazy\" decoding=\"async\" id=\"Picture15\" style=\"font-family: inherit; text-align: -webkit-center;\" src=\"http:\/\/www.multi.fi\/~oh6ag\/assets\/images\/repeaterant2.jpg\" alt=\"\" width=\"358\" height=\"331\" align=\"TOP\" border=\"0\" hspace=\"0\" vspace=\"0\" \/><figcaption class=\"wp-caption-text\">Antennen \u00e4r mer \u00e4n 90 meter \u00f6ver havet. De antenner som vi anv\u00e4nder \u00e4r placerade p\u00e5 mitten av masten (4 st. stackade Aerial vertikaler).\u00a0 Foto: Pelle, OH6MLL<\/figcaption><\/figure>\n<p>&nbsp;<\/p>\n<h4>Ny utrustning f\u00f6r 70 cm repeatern OH6RUG!<\/h4>\n<p>70 cm repeatern \u00e4r p\u00e5 kanal RU376 och lyssnar p\u00e5 frekvensen 432,700 MHz och s\u00e4nder p\u00e5 frekvensen\u00a0 434,700 MHz. Repeatershiftet \u00e4r \u00e4ndrat till -2.0 MHz fr.o.m 5.12.2013. Den har f\u00f6rnyats i tv\u00e5 (och en halv) omg\u00e5ngar.<\/p>\n<p>V\u00e5rvintern 2012 f\u00f6rnyades alla antenner. Tack vare att repeater-sajten utrustades med en mast f\u00f6r mobiltelefoni, fick vi ocks\u00e5 m\u00f6jlihet att komma med v\u00e5ra antenner i samma mast.<\/p>\n<p>Vi f\u00e5r buga oss djupt och tacka Tomas OH6NVQ som ombes\u00f6rjde montering av antennerna i den nya masten!<\/p>\n<p>Samtidigt m\u00f6jliggjordes ocks\u00e5 n\u00e4tf\u00f6rbindelse till repeatern via en av v\u00e5ra samarbetspartners, s\u00e5 nu \u00e4r repeatern kopplad till det riksomfattande repeatern\u00e4tet\u00a0<a href=\"http:\/\/r.net.rats.fi\/wp\/\" target=\"_parent\">RNet<\/a>. Samtidigt har den ocks\u00e5 f\u00f6rsetts med webswitch fr\u00e5n\u00a0<a href=\"http:\/\/www.remoterig.com\/wp\/\" target=\"_parent\">microbit<\/a>\u00a0s\u00e5 att repeater\u00f6vervakaren kan st\u00e4nga den n\u00e4r som helst.<\/p>\n<p>Den 5.12 byttes duplex-filtret ut mot ett nytt fabriksgjort fr\u00e5n Procomm. Detta blev m\u00f6jligt genom sponsorering fr\u00e5n import\u00f6ren, och igen en god arbetsinsats av OH6HNC Tuomo (repeater\u00f6vervakaren) och OH6LSL Janne, som trimmade och modifierade filtret.<\/p>\n<p>Nedan bild av det nya antennsystemet, om omfattar RX- och TX-antenner samt 144 MHz antenn f\u00f6r APRS.\u00a0Antennerna \u00e4r vertikala och rundstr\u00e5lande. Repeatern \u00f6ppnas genom att s\u00e4nda 110,9 Hz CTCSS subton med p\u00e5 b\u00e4rv\u00e5gen. Den identifierar sig med sin anropssignal OH6RUG p\u00e5telegrafi var 10:e minut.<\/p>\n<p><img loading=\"lazy\" decoding=\"async\" style=\"font-weight: bold; background-color: transparent; text-align: inherit;\" src=\"http:\/\/www.multi.fi\/~oh6ag\/pictures\/OH6RUG-ant.jpg\" alt=\"OH6RUG-ant\" width=\"365\" height=\"480\" \/><\/p>\n<p>Foto: Tomas, OH6NVQ<\/p>\n<figure style=\"width: 512px\" class=\"wp-caption alignnone\"><img loading=\"lazy\" decoding=\"async\" style=\"text-align: -webkit-center;\" src=\"http:\/\/www.multi.fi\/~oh6ag\/pictures\/OH6RUG-coverage.jpg\" alt=\"OH6RUG_cov\" width=\"512\" height=\"512\" \/><figcaption class=\"wp-caption-text\">OH6RUG ungef\u00e4rligt t\u00e4ckningsomr\u00e5de<\/figcaption><\/figure>\n<p>Radioklubben OH6AI i Karleby har hj\u00e4lpt oss med konfiguration av ny radio och dator. Tack till Janne OH6LSL och Junnu OH6GFF f\u00f6r hj\u00e4lpen. Utan dem hade vi knappast haft f\u00f6rbindelse till repeatern\u00e4tet RNet. Den nya\u00a0konfigurationen togs i drift 11.1.2013.<\/p>\n<p><a href=\"http:\/\/repeater.sral.fi\/\" target=\"_parent\">H\u00e4r har du en lista p\u00e5 alla finska repeatrar! Link to all Finnish repeaters list<\/a><\/p>\n<p>Nedan bild av repeatersk\u00e5pet OH6RUG. APRS-digipeatern OH6AG-7 \u00e4r i samma sk\u00e5p.<\/p>\n<figure style=\"width: 365px\" class=\"wp-caption alignnone\"><img loading=\"lazy\" decoding=\"async\" style=\"font-family: inherit;\" src=\"http:\/\/www.multi.fi\/~oh6ag\/pictures\/OH6RUG.JPG\" alt=\"OH6RUG\" width=\"365\" height=\"469\" \/><figcaption class=\"wp-caption-text\">Repeatersk\u00e5pet OH6RUG. Foto: Tomas, OH6NVQ<\/figcaption><\/figure>\n<p>Sidan redigerad: 18.01.2018 (OH6FXZ)<\/p>\n<p>Text: OH6NT<\/p>\n","protected":false},"excerpt":{"rendered":"<p>Allm\u00e4nt om repeaters Via en rel\u00e4station (repeater) kan man ha kontakt med andra radioamat\u00f6rer genom att den \u00e5teruts\u00e4nder alla signaler som den h\u00f6r. Du kan prata t.ex. i en liten handapparat som oftast ryms i fickan, eller ha en radio i bilen och ha kontakt med hj\u00e4lp av dem via repeatern.\u00a0R\u00e4ckvidden \u00f6kas betydligt hos dessa &hellip; <a href=\"https:\/\/oh6ag.fi\/?page_id=222\" class=\"more-link\">Forts\u00e4tt l\u00e4sa<span class=\"screen-reader-text\"> \u201dRepeaters\u201d<\/span><\/a><\/p>\n","protected":false},"author":2,"featured_media":0,"parent":0,"menu_order":0,"comment_status":"closed","ping_status":"closed","template":"","meta":{"footnotes":""},"class_list":["post-222","page","type-page","status-publish","hentry"],"_links":{"self":[{"href":"https:\/\/oh6ag.fi\/index.php?rest_route=\/wp\/v2\/pages\/222","targetHints":{"allow":["GET"]}}],"collection":[{"href":"https:\/\/oh6ag.fi\/index.php?rest_route=\/wp\/v2\/pages"}],"about":[{"href":"https:\/\/oh6ag.fi\/index.php?rest_route=\/wp\/v2\/types\/page"}],"author":[{"embeddable":true,"href":"https:\/\/oh6ag.fi\/index.php?rest_route=\/wp\/v2\/users\/2"}],"replies":[{"embeddable":true,"href":"https:\/\/oh6ag.fi\/index.php?rest_route=%2Fwp%2Fv2%2Fcomments&post=222"}],"version-history":[{"count":2,"href":"https:\/\/oh6ag.fi\/index.php?rest_route=\/wp\/v2\/pages\/222\/revisions"}],"predecessor-version":[{"id":224,"href":"https:\/\/oh6ag.fi\/index.php?rest_route=\/wp\/v2\/pages\/222\/revisions\/224"}],"wp:attachment":[{"href":"https:\/\/oh6ag.fi\/index.php?rest_route=%2Fwp%2Fv2%2Fmedia&parent=222"}],"curies":[{"name":"wp","href":"https:\/\/api.w.org\/{rel}","templated":true}]}}