{"id":217,"date":"2018-01-17T22:10:30","date_gmt":"2018-01-17T20:10:30","guid":{"rendered":"http:\/\/oh6ag.fi\/?page_id=217"},"modified":"2018-01-17T22:10:30","modified_gmt":"2018-01-17T20:10:30","slug":"anvandarprofil","status":"publish","type":"page","link":"https:\/\/oh6ag.fi\/?page_id=217","title":{"rendered":"Anv\u00e4ndarprofil"},"content":{"rendered":"<div id=\"wpmem_login\"><a id=\"login\"><\/a><form action=\"https:\/\/oh6ag.fi\/?page_id=217\" method=\"POST\" id=\"wpmem_login_form\" class=\"form\"><input type=\"hidden\" id=\"_wpmem_login_nonce\" name=\"_wpmem_login_nonce\" value=\"088d8c2ded\" \/><input type=\"hidden\" name=\"_wp_http_referer\" value=\"\/index.php?rest_route=%2Fwp%2Fv2%2Fpages%2F217\" \/><fieldset><legend>Inloggning f\u00f6r befintliga anv\u00e4ndare<\/legend><label for=\"log\">Anv\u00e4ndarnamn eller e-post<\/label><div class=\"div_text\"><input name=\"log\" type=\"text\" id=\"log\" value=\"\" class=\"username\" required  \/><\/div><label for=\"pwd\">L\u00f6senord<\/label><div class=\"div_text\"><input name=\"pwd\" type=\"password\" id=\"pwd\" class=\"password\" required  \/><\/div><input name=\"a\" type=\"hidden\" value=\"login\" \/><input name=\"redirect_to\" type=\"hidden\" value=\"https:\/\/oh6ag.fi\/?page_id=217\" \/><div class=\"button_div\"><input name=\"rememberme\" type=\"checkbox\" id=\"rememberme\" value=\"forever\" \/>&nbsp;<label for=\"rememberme\">Kom ih\u00e5g mig<\/label>&nbsp;&nbsp;<input type=\"submit\" name=\"Submit\" value=\"Logga in\" class=\"buttons\" \/><\/div><div class=\"link-text\"><span class=\"link-text-forgot\">Gl\u00f6mt l\u00f6senord?&nbsp;<a href=\"https:\/\/oh6ag.fi\/?page_id=217%2F&#038;a=pwdreset\">Klicka h\u00e4r f\u00f6r att \u00e5terst\u00e4lla<\/a><\/span><\/div><\/fieldset><\/form><\/div><div id=\"wpmem_reg\"><a id=\"register\"><\/a><form name=\"form\" method=\"post\" action=\"https:\/\/oh6ag.fi\/?page_id=217\" id=\"wpmem_register_form\" class=\"form\"><input type=\"hidden\" id=\"_wpmem_register_nonce\" name=\"_wpmem_register_nonce\" value=\"8b65a98d5c\" \/><input type=\"hidden\" name=\"_wp_http_referer\" value=\"\/index.php?rest_route=%2Fwp%2Fv2%2Fpages%2F217\" \/><fieldset><legend>Ny anv\u00e4ndarregistrering<\/legend><label for=\"username\" class=\"text\">V\u00e4lj ett anv\u00e4ndarnamn<span class=\"req\">*<\/span><\/label><div class=\"div_text\"><input name=\"username\" type=\"text\" id=\"username\" value=\"\" class=\"textbox\" required  \/><\/div><label for=\"first_name\" class=\"text\">F\u00f6rnamn<span class=\"req\">*<\/span><\/label><div class=\"div_text\"><input name=\"first_name\" type=\"text\" id=\"first_name\" value=\"\" class=\"textbox\" required  \/><\/div><label for=\"last_name\" class=\"text\">Efternamn<span class=\"req\">*<\/span><\/label><div class=\"div_text\"><input name=\"last_name\" type=\"text\" id=\"last_name\" value=\"\" class=\"textbox\" required  \/><\/div><label for=\"addr1\" class=\"text\">Address<span class=\"req\">*<\/span><\/label><div class=\"div_text\"><input name=\"addr1\" type=\"text\" id=\"addr1\" value=\"\" class=\"textbox\" required  \/><\/div><label for=\"city\" class=\"text\">Ort<span class=\"req\">*<\/span><\/label><div class=\"div_text\"><input name=\"city\" type=\"text\" id=\"city\" value=\"\" class=\"textbox\" required  \/><\/div><label for=\"zip\" class=\"text\">Postnummer<span class=\"req\">*<\/span><\/label><div class=\"div_text\"><input name=\"zip\" type=\"text\" id=\"zip\" value=\"\" class=\"textbox\" required  \/><\/div><label for=\"country\" class=\"text\">Land<span class=\"req\">*<\/span><\/label><div class=\"div_text\"><input name=\"country\" type=\"text\" id=\"country\" value=\"\" class=\"textbox\" required  \/><\/div><label for=\"phone1\" class=\"text\">Telefon dagtid<\/label><div class=\"div_text\"><input name=\"phone1\" type=\"text\" id=\"phone1\" value=\"\" class=\"textbox\" \/><\/div><label for=\"user_email\" class=\"text\">E-post<span class=\"req\">*<\/span><\/label><div class=\"div_text\"><input name=\"user_email\" type=\"email\" id=\"user_email\" value=\"\" class=\"textbox\" required  \/><\/div><div class=\"h-captcha\" data-sitekey=\"\"><\/div><script src=\"https:\/\/hcaptcha.com\/1\/api.js\" async defer><\/script><input name=\"a\" type=\"hidden\" value=\"register\" \/><input name=\"wpmem_reg_page\" type=\"hidden\" value=\"https:\/\/oh6ag.fi\/?page_id=217\" \/><div class=\"button_div\"><input name=\"submit\" type=\"submit\" value=\"Registrera\" class=\"buttons\" \/><\/div><div class=\"req-text\"><span class=\"req\">*<\/span>Obligatoriskt f\u00e4lt<\/div><\/fieldset><\/form><\/div>\n","protected":false},"excerpt":{"rendered":"","protected":false},"author":2,"featured_media":0,"parent":0,"menu_order":0,"comment_status":"closed","ping_status":"closed","template":"","meta":{"footnotes":""},"class_list":["post-217","page","type-page","status-publish","hentry"],"_links":{"self":[{"href":"https:\/\/oh6ag.fi\/index.php?rest_route=\/wp\/v2\/pages\/217","targetHints":{"allow":["GET"]}}],"collection":[{"href":"https:\/\/oh6ag.fi\/index.php?rest_route=\/wp\/v2\/pages"}],"about":[{"href":"https:\/\/oh6ag.fi\/index.php?rest_route=\/wp\/v2\/types\/page"}],"author":[{"embeddable":true,"href":"https:\/\/oh6ag.fi\/index.php?rest_route=\/wp\/v2\/users\/2"}],"replies":[{"embeddable":true,"href":"https:\/\/oh6ag.fi\/index.php?rest_route=%2Fwp%2Fv2%2Fcomments&post=217"}],"version-history":[{"count":1,"href":"https:\/\/oh6ag.fi\/index.php?rest_route=\/wp\/v2\/pages\/217\/revisions"}],"predecessor-version":[{"id":218,"href":"https:\/\/oh6ag.fi\/index.php?rest_route=\/wp\/v2\/pages\/217\/revisions\/218"}],"wp:attachment":[{"href":"https:\/\/oh6ag.fi\/index.php?rest_route=%2Fwp%2Fv2%2Fmedia&parent=217"}],"curies":[{"name":"wp","href":"https:\/\/api.w.org\/{rel}","templated":true}]}}