{"id":215,"date":"2018-01-17T22:09:21","date_gmt":"2018-01-17T20:09:21","guid":{"rendered":"http:\/\/oh6ag.fi\/?page_id=215"},"modified":"2018-01-17T22:09:21","modified_gmt":"2018-01-17T20:09:21","slug":"login","status":"publish","type":"page","link":"https:\/\/oh6ag.fi\/?page_id=215","title":{"rendered":"Login"},"content":{"rendered":"<div id=\"wpmem_login\"><a id=\"login\"><\/a><form action=\"https:\/\/oh6ag.fi\/?page_id=215\" method=\"POST\" id=\"wpmem_login_form\" class=\"form\"><input type=\"hidden\" id=\"_wpmem_login_nonce\" name=\"_wpmem_login_nonce\" value=\"088d8c2ded\" \/><input type=\"hidden\" name=\"_wp_http_referer\" value=\"\/index.php?rest_route=%2Fwp%2Fv2%2Fpages%2F215\" \/><fieldset><legend>Inloggning f\u00f6r befintliga anv\u00e4ndare<\/legend><label for=\"log\">Anv\u00e4ndarnamn eller e-post<\/label><div class=\"div_text\"><input name=\"log\" type=\"text\" id=\"log\" value=\"\" class=\"username\" required  \/><\/div><label for=\"pwd\">L\u00f6senord<\/label><div class=\"div_text\"><input name=\"pwd\" type=\"password\" id=\"pwd\" class=\"password\" required  \/><\/div><input name=\"a\" type=\"hidden\" value=\"login\" \/><input name=\"redirect_to\" type=\"hidden\" value=\"https:\/\/oh6ag.fi\/?page_id=215\" \/><div class=\"button_div\"><input name=\"rememberme\" type=\"checkbox\" id=\"rememberme\" value=\"forever\" \/>&nbsp;<label for=\"rememberme\">Kom ih\u00e5g mig<\/label>&nbsp;&nbsp;<input type=\"submit\" name=\"Submit\" value=\"Logga in\" class=\"buttons\" \/><\/div><div class=\"link-text\"><span class=\"link-text-forgot\">Gl\u00f6mt l\u00f6senord?&nbsp;<a href=\"https:\/\/oh6ag.fi\/?page_id=217%2F&#038;a=pwdreset\">Klicka h\u00e4r f\u00f6r att \u00e5terst\u00e4lla<\/a><\/span><\/div><\/fieldset><\/form><\/div>\n","protected":false},"excerpt":{"rendered":"","protected":false},"author":2,"featured_media":0,"parent":0,"menu_order":0,"comment_status":"closed","ping_status":"closed","template":"","meta":{"footnotes":""},"class_list":["post-215","page","type-page","status-publish","hentry"],"_links":{"self":[{"href":"https:\/\/oh6ag.fi\/index.php?rest_route=\/wp\/v2\/pages\/215","targetHints":{"allow":["GET"]}}],"collection":[{"href":"https:\/\/oh6ag.fi\/index.php?rest_route=\/wp\/v2\/pages"}],"about":[{"href":"https:\/\/oh6ag.fi\/index.php?rest_route=\/wp\/v2\/types\/page"}],"author":[{"embeddable":true,"href":"https:\/\/oh6ag.fi\/index.php?rest_route=\/wp\/v2\/users\/2"}],"replies":[{"embeddable":true,"href":"https:\/\/oh6ag.fi\/index.php?rest_route=%2Fwp%2Fv2%2Fcomments&post=215"}],"version-history":[{"count":1,"href":"https:\/\/oh6ag.fi\/index.php?rest_route=\/wp\/v2\/pages\/215\/revisions"}],"predecessor-version":[{"id":216,"href":"https:\/\/oh6ag.fi\/index.php?rest_route=\/wp\/v2\/pages\/215\/revisions\/216"}],"wp:attachment":[{"href":"https:\/\/oh6ag.fi\/index.php?rest_route=%2Fwp%2Fv2%2Fmedia&parent=215"}],"curies":[{"name":"wp","href":"https:\/\/api.w.org\/{rel}","templated":true}]}}